{"id":2355,"date":"2023-11-08T01:03:50","date_gmt":"2023-11-08T00:03:50","guid":{"rendered":"https:\/\/www.agrobusiness-medafrica.com\/?page_id=2355"},"modified":"2024-05-10T01:11:20","modified_gmt":"2024-05-09T23:11:20","slug":"workshops","status":"publish","type":"page","link":"https:\/\/www.agrobusiness-medafrica.com\/en\/workshops\/","title":{"rendered":"Workshops"},"content":{"rendered":"<div data-elementor-type=\"wp-page\" data-elementor-id=\"2355\" class=\"elementor elementor-2355\">\n\t\t\t\t\t\t<div class=\"elementor-inner\">\n\t\t\t\t<div class=\"elementor-section-wrap\">\n\t\t\t\t\t\t\t\t\t<section class=\"elementor-section elementor-top-section elementor-element elementor-element-a7ccfac elementor-section-boxed elementor-section-height-default elementor-section-height-default shape-bg-top-no shape-bg-bottom-no\" data-id=\"a7ccfac\" data-element_type=\"section\" data-settings=\"{&quot;background_background&quot;:&quot;slideshow&quot;,&quot;background_slideshow_gallery&quot;:[{&quot;id&quot;:1203,&quot;url&quot;:&quot;https:\\\/\\\/www.agrobusiness-medafrica.com\\\/wp-content\\\/uploads\\\/2021\\\/12\\\/bg-9.jpg&quot;},{&quot;id&quot;:1008,&quot;url&quot;:&quot;https:\\\/\\\/www.agrobusiness-medafrica.com\\\/wp-content\\\/uploads\\\/2021\\\/10\\\/breadcrumb.jpg&quot;}],&quot;background_slideshow_loop&quot;:&quot;yes&quot;,&quot;background_slideshow_slide_duration&quot;:5000,&quot;background_slideshow_slide_transition&quot;:&quot;fade&quot;,&quot;background_slideshow_transition_duration&quot;:500}\">\n\t\t\t\t\t\t<div class=\"elementor-container elementor-column-gap-default\">\n\t\t\t\t\t\t\t<div class=\"elementor-row\">\n\t\t\t\t\t<div class=\"elementor-column elementor-col-100 elementor-top-column elementor-element elementor-element-93b4325\" data-id=\"93b4325\" data-element_type=\"column\">\n\t\t\t<div class=\"elementor-column-wrap elementor-element-populated\">\n\t\t\t\t\t\t\t<div class=\"elementor-widget-wrap\">\n\t\t\t\t\t\t<div class=\"elementor-element elementor-element-cf4ee37 elementor-widget elementor-widget-gva-heading-block\" data-id=\"cf4ee37\" data-element_type=\"widget\" data-widget_type=\"gva-heading-block.default\">\n\t\t\t\t<div class=\"elementor-widget-container\">\n\t\t\t<div class=\"gva-element-gva-heading-block gva-element\">   <div class=\"align-left style-1 widget gsc-heading box-align-left auto-responsive\">\r\n      <div class=\"content-inner\">\r\n         \r\n                  \r\n           \r\n         \r\n                     <h2 class=\"title\">\r\n               <span>Workshops Salon AGROBUSINESS<\/span>\r\n            <\/h2>\r\n                  \r\n         \r\n      <\/div>\r\n   <\/div>\r\n<\/div>\t\t<\/div>\n\t\t\t\t<\/div>\n\t\t\t\t\t\t<\/div>\n\t\t\t\t\t<\/div>\n\t\t<\/div>\n\t\t\t\t\t\t\t\t<\/div>\n\t\t\t\t\t<\/div>\n\t\t<\/section>\n\t\t\t\t<section class=\"elementor-section elementor-top-section elementor-element elementor-element-7123e56 elementor-section-boxed elementor-section-height-default elementor-section-height-default shape-bg-top-no shape-bg-bottom-no\" data-id=\"7123e56\" data-element_type=\"section\">\n\t\t\t\t\t\t<div class=\"elementor-container elementor-column-gap-default\">\n\t\t\t\t\t\t\t<div class=\"elementor-row\">\n\t\t\t\t\t<div class=\"elementor-column elementor-col-100 elementor-top-column elementor-element elementor-element-0cfb63b\" data-id=\"0cfb63b\" data-element_type=\"column\">\n\t\t\t<div class=\"elementor-column-wrap elementor-element-populated\">\n\t\t\t\t\t\t\t<div class=\"elementor-widget-wrap\">\n\t\t\t\t\t\t<div class=\"elementor-element elementor-element-01922e6 elementor-tabs-alignment-center elementor-tabs-view-horizontal elementor-widget elementor-widget-tabs\" data-id=\"01922e6\" data-element_type=\"widget\" data-widget_type=\"tabs.default\">\n\t\t\t\t<div class=\"elementor-widget-container\">\n\t\t\t<style>\/*! elementor - v3.8.0 - 30-10-2022 *\/\n.elementor-widget-tabs.elementor-tabs-view-vertical .elementor-tabs-wrapper{width:25%;-ms-flex-negative:0;flex-shrink:0}.elementor-widget-tabs.elementor-tabs-view-vertical .elementor-tab-desktop-title.elementor-active{border-right-style:none}.elementor-widget-tabs.elementor-tabs-view-vertical .elementor-tab-desktop-title.elementor-active:after,.elementor-widget-tabs.elementor-tabs-view-vertical .elementor-tab-desktop-title.elementor-active:before{height:999em;width:0;right:0;border-right-style:solid}.elementor-widget-tabs.elementor-tabs-view-vertical .elementor-tab-desktop-title.elementor-active:before{top:0;-webkit-transform:translateY(-100%);-ms-transform:translateY(-100%);transform:translateY(-100%)}.elementor-widget-tabs.elementor-tabs-view-vertical .elementor-tab-desktop-title.elementor-active:after{top:100%}.elementor-widget-tabs.elementor-tabs-view-horizontal .elementor-tab-desktop-title{display:table-cell}.elementor-widget-tabs.elementor-tabs-view-horizontal .elementor-tab-desktop-title.elementor-active{border-bottom-style:none}.elementor-widget-tabs.elementor-tabs-view-horizontal .elementor-tab-desktop-title.elementor-active:after,.elementor-widget-tabs.elementor-tabs-view-horizontal .elementor-tab-desktop-title.elementor-active:before{bottom:0;height:0;width:999em;border-bottom-style:solid}.elementor-widget-tabs.elementor-tabs-view-horizontal .elementor-tab-desktop-title.elementor-active:before{right:100%}.elementor-widget-tabs.elementor-tabs-view-horizontal .elementor-tab-desktop-title.elementor-active:after{left:100%}.elementor-widget-tabs .elementor-tab-content,.elementor-widget-tabs .elementor-tab-title,.elementor-widget-tabs .elementor-tab-title:after,.elementor-widget-tabs .elementor-tab-title:before,.elementor-widget-tabs .elementor-tabs-content-wrapper{border:1px #d4d4d4}.elementor-widget-tabs .elementor-tabs{text-align:left}.elementor-widget-tabs .elementor-tabs-wrapper{overflow:hidden}.elementor-widget-tabs .elementor-tab-title{cursor:pointer;outline:var(--focus-outline,none)}.elementor-widget-tabs .elementor-tab-desktop-title{position:relative;padding:20px 25px;font-weight:700;line-height:1;border:solid transparent}.elementor-widget-tabs .elementor-tab-desktop-title.elementor-active{border-color:#d4d4d4}.elementor-widget-tabs .elementor-tab-desktop-title.elementor-active:after,.elementor-widget-tabs .elementor-tab-desktop-title.elementor-active:before{display:block;content:\"\";position:absolute}.elementor-widget-tabs .elementor-tab-desktop-title:focus-visible{border:1px solid #000}.elementor-widget-tabs .elementor-tab-mobile-title{padding:10px;cursor:pointer}.elementor-widget-tabs .elementor-tab-content{padding:20px;display:none}@media (max-width:767px){.elementor-tabs .elementor-tab-content,.elementor-tabs .elementor-tab-title{border-style:solid solid none}.elementor-tabs .elementor-tabs-wrapper{display:none}.elementor-tabs .elementor-tabs-content-wrapper{border-bottom-style:solid}.elementor-tabs .elementor-tab-content{padding:10px}}@media (min-width:768px){.elementor-widget-tabs.elementor-tabs-view-vertical .elementor-tabs{display:-webkit-box;display:-ms-flexbox;display:flex}.elementor-widget-tabs.elementor-tabs-view-vertical .elementor-tabs-wrapper{-webkit-box-orient:vertical;-webkit-box-direction:normal;-ms-flex-direction:column;flex-direction:column}.elementor-widget-tabs.elementor-tabs-view-vertical .elementor-tabs-content-wrapper{-webkit-box-flex:1;-ms-flex-positive:1;flex-grow:1;border-style:solid solid solid none}.elementor-widget-tabs.elementor-tabs-view-horizontal .elementor-tab-content{border-style:none solid solid}.elementor-widget-tabs.elementor-tabs-alignment-center .elementor-tabs-wrapper,.elementor-widget-tabs.elementor-tabs-alignment-end .elementor-tabs-wrapper,.elementor-widget-tabs.elementor-tabs-alignment-stretch .elementor-tabs-wrapper{display:-webkit-box;display:-ms-flexbox;display:flex}.elementor-widget-tabs.elementor-tabs-alignment-center .elementor-tabs-wrapper{-webkit-box-pack:center;-ms-flex-pack:center;justify-content:center}.elementor-widget-tabs.elementor-tabs-alignment-end .elementor-tabs-wrapper{-webkit-box-pack:end;-ms-flex-pack:end;justify-content:flex-end}.elementor-widget-tabs.elementor-tabs-alignment-stretch.elementor-tabs-view-horizontal .elementor-tab-title{width:100%}.elementor-widget-tabs.elementor-tabs-alignment-stretch.elementor-tabs-view-vertical .elementor-tab-title{height:100%}.elementor-tabs .elementor-tab-mobile-title{display:none}}<\/style>\t\t<div class=\"elementor-tabs\">\n\t\t\t<div class=\"elementor-tabs-wrapper\" role=\"tablist\" >\n\t\t\t\t\t\t\t\t\t<div id=\"elementor-tab-title-1641\" class=\"elementor-tab-title elementor-tab-desktop-title\" aria-selected=\"true\" data-tab=\"1\" role=\"tab\" tabindex=\"0\" aria-controls=\"elementor-tab-content-1641\" aria-expanded=\"false\"><a href=\"\">THURSDAY NOVEMBER 16, 2023 <\/a><\/div>\n\t\t\t\t\t\t\t\t\t<div id=\"elementor-tab-title-1642\" class=\"elementor-tab-title elementor-tab-desktop-title\" aria-selected=\"false\" data-tab=\"2\" role=\"tab\" tabindex=\"-1\" aria-controls=\"elementor-tab-content-1642\" aria-expanded=\"false\"><a href=\"\">FRIDAY NOVEMBER 17, 2023<\/a><\/div>\n\t\t\t\t\t\t\t\t\t<div id=\"elementor-tab-title-1643\" class=\"elementor-tab-title elementor-tab-desktop-title\" aria-selected=\"false\" data-tab=\"3\" role=\"tab\" tabindex=\"-1\" aria-controls=\"elementor-tab-content-1643\" aria-expanded=\"false\"><a href=\"\">SATURDAY NOVEMBER 18, 2023<\/a><\/div>\n\t\t\t\t\t\t\t<\/div>\n\t\t\t<div class=\"elementor-tabs-content-wrapper\" role=\"tablist\" aria-orientation=\"vertical\">\n\t\t\t\t\t\t\t\t\t<div class=\"elementor-tab-title elementor-tab-mobile-title\" aria-selected=\"true\" data-tab=\"1\" role=\"tab\" tabindex=\"0\" aria-controls=\"elementor-tab-content-1641\" aria-expanded=\"false\">THURSDAY NOVEMBER 16, 2023 <\/div>\n\t\t\t\t\t<div id=\"elementor-tab-content-1641\" class=\"elementor-tab-content elementor-clearfix\" data-tab=\"1\" role=\"tabpanel\" aria-labelledby=\"elementor-tab-title-1641\" tabindex=\"0\" hidden=\"false\"><div class=\"workshops\">\n<div class=\"work-left\"><strong>10h30 :<\/strong> Pr\u00e9sentation des instruments de financement g\u00e9r\u00e9s par l\u2019Agence Italienne pour la Coop\u00e9ration au D\u00e9veloppement dans les secteurs de l\u2019Agriculture, de la P\u00eache et de l\u2019\u00c9conomie Sociale et Solidaire<\/div>\n<div class=\"work-right\"><a class=\"btn-theme\" href=\"https:\/\/tickets.inthemedina.com.tn\/medina\/agrobusiness\/\" target=\"_blank\" rel=\"noopener\">INSCRIPTION<\/a><\/div>\n<\/div>\n<div><a href=\"https:\/\/www.agrobusiness-medafrica.com\/wp-content\/uploads\/2023\/11\/16-11.jpg\"><img loading=\"lazy\" decoding=\"async\" class=\"aligncenter wp-image-2399 size-medium\" src=\"https:\/\/www.agrobusiness-medafrica.com\/wp-content\/uploads\/2023\/11\/16-11-600x540.jpg\" alt=\"\" width=\"600\" height=\"540\" srcset=\"https:\/\/www.agrobusiness-medafrica.com\/wp-content\/uploads\/2023\/11\/16-11-600x540.jpg 600w, https:\/\/www.agrobusiness-medafrica.com\/wp-content\/uploads\/2023\/11\/16-11-12x12.jpg 12w\" sizes=\"auto, (max-width: 600px) 100vw, 600px\" \/><\/a><\/div><\/div>\n\t\t\t\t\t\t\t\t\t<div class=\"elementor-tab-title elementor-tab-mobile-title\" aria-selected=\"false\" data-tab=\"2\" role=\"tab\" tabindex=\"-1\" aria-controls=\"elementor-tab-content-1642\" aria-expanded=\"false\">FRIDAY NOVEMBER 17, 2023<\/div>\n\t\t\t\t\t<div id=\"elementor-tab-content-1642\" class=\"elementor-tab-content elementor-clearfix\" data-tab=\"2\" role=\"tabpanel\" aria-labelledby=\"elementor-tab-title-1642\" tabindex=\"0\" hidden=\"hidden\"><div class=\"workshops\">\n<div class=\"work-left\"><strong>3:00 p.m.:<\/strong> Le Packaging Ecologique.\nOrganis\u00e9 par la Chambre Nationale des Femmes Chefs d\u2019Entreprise.<\/div>\n<div class=\"work-right\"><a class=\"btn-theme\" href=\"https:\/\/tickets.inthemedina.com.tn\/medina\/agrobusiness\/\" target=\"_blank\" rel=\"noopener\">INSCRIPTION<\/a><\/div>\n<\/div>\n<div><a href=\"https:\/\/www.agrobusiness-medafrica.com\/wp-content\/uploads\/2023\/11\/image2.jpeg\"><img loading=\"lazy\" decoding=\"async\" class=\"aligncenter wp-image-2385 size-medium\" src=\"https:\/\/www.agrobusiness-medafrica.com\/wp-content\/uploads\/2023\/11\/image2-600x540.jpeg\" alt=\"\" width=\"600\" height=\"540\" srcset=\"https:\/\/www.agrobusiness-medafrica.com\/wp-content\/uploads\/2023\/11\/image2-600x540.jpeg 600w, https:\/\/www.agrobusiness-medafrica.com\/wp-content\/uploads\/2023\/11\/image2-12x12.jpeg 12w\" sizes=\"auto, (max-width: 600px) 100vw, 600px\" \/><\/a><\/div><\/div>\n\t\t\t\t\t\t\t\t\t<div class=\"elementor-tab-title elementor-tab-mobile-title\" aria-selected=\"false\" data-tab=\"3\" role=\"tab\" tabindex=\"-1\" aria-controls=\"elementor-tab-content-1643\" aria-expanded=\"false\">SATURDAY NOVEMBER 18, 2023<\/div>\n\t\t\t\t\t<div id=\"elementor-tab-content-1643\" class=\"elementor-tab-content elementor-clearfix\" data-tab=\"3\" role=\"tabpanel\" aria-labelledby=\"elementor-tab-title-1643\" tabindex=\"0\" hidden=\"hidden\"><div class=\"workshops\">\n<div class=\"work-left\">\n\n<strong>09h00 :<\/strong> les perspectives d\u2019Exportation des Produits agroalimentaires Tunisiens vers le march\u00e9 africain (accords de la ZLECAF, et du COMESA)\nOrganis\u00e9 par la Chambre de Commerce et d\u2019industrie du Centre.\n<strong>09h00 :<\/strong> Digitalisation du certificat \u00e0 l&#8217;export des produits agroalimentaires : \u00a0pr\u00e9sentation de la plateforme et sensibilisation \u00e0 l&#8217;utilisation.\nOrganis\u00e9 par la Chambre de Commerce et d\u2019industrie de Tunis.\n<div class=\"work-right\"><a class=\"btn-theme\" href=\"https:\/\/tickets.inthemedina.com.tn\/medina\/agrobusiness\/\" target=\"_blank\" rel=\"noopener\">INSCRIPTION<\/a><\/div>\n<div style=\"width: 100%;\">\n<div style=\"width: 50%; float: left;\"><a href=\"https:\/\/www.agrobusiness-medafrica.com\/wp-content\/uploads\/2023\/11\/image0.jpeg\"><img decoding=\"async\" class=\"aligncenter wp-image-2386 size-medium\" src=\"https:\/\/www.agrobusiness-medafrica.com\/wp-content\/uploads\/2023\/11\/image0-600x540.jpeg\" alt=\"\" width=\"90%\" height=\"540\" srcset=\"https:\/\/www.agrobusiness-medafrica.com\/wp-content\/uploads\/2023\/11\/image0-600x540.jpeg 600w, https:\/\/www.agrobusiness-medafrica.com\/wp-content\/uploads\/2023\/11\/image0-12x12.jpeg 12w\" sizes=\"(max-width: 600px) 100vw, 600px\" \/><\/a><\/div>\n<div style=\"width: 50%; float: left;\"><a href=\"https:\/\/www.agrobusiness-medafrica.com\/wp-content\/uploads\/2023\/11\/image1.jpeg\"><img decoding=\"async\" class=\"aligncenter wp-image-2387 size-medium\" src=\"https:\/\/www.agrobusiness-medafrica.com\/wp-content\/uploads\/2023\/11\/image1-600x540.jpeg\" alt=\"\" width=\"90%\" height=\"540\" srcset=\"https:\/\/www.agrobusiness-medafrica.com\/wp-content\/uploads\/2023\/11\/image1-600x540.jpeg 600w, https:\/\/www.agrobusiness-medafrica.com\/wp-content\/uploads\/2023\/11\/image1-12x12.jpeg 12w\" sizes=\"(max-width: 600px) 100vw, 600px\" \/><\/a><\/div>\n<\/div>\n<\/div>\n<\/div><\/div>\n\t\t\t\t\t\t\t<\/div>\n\t\t<\/div>\n\t\t\t\t<\/div>\n\t\t\t\t<\/div>\n\t\t\t\t\t\t<\/div>\n\t\t\t\t\t<\/div>\n\t\t<\/div>\n\t\t\t\t\t\t\t\t<\/div>\n\t\t\t\t\t<\/div>\n\t\t<\/section>\n\t\t\t\t\t\t\t\t\t<\/div>\n\t\t\t<\/div>\n\t\t\t\t\t<\/div>","protected":false},"excerpt":{"rendered":"<p>Workshops Salon AGROBUSINESS JEUDI 16 NOVEMBRE 2023 VENDREDI 17 NOVEMBRE 2023 SAMEDI 18 NOVEMBRE 2023 JEUDI 16 NOVEMBRE 2023 10h30 : Pr\u00e9sentation des instruments de financement g\u00e9r\u00e9s par l\u2019Agence Italienne pour la Coop\u00e9ration au D\u00e9veloppement dans les secteurs de l\u2019Agriculture, de la P\u00eache et de l\u2019\u00c9conomie Sociale et Solidaire INSCRIPTION VENDREDI 17 NOVEMBRE 2023 15h00 [&hellip;]<\/p>","protected":false},"author":2,"featured_media":0,"parent":0,"menu_order":0,"comment_status":"closed","ping_status":"closed","template":"","meta":{"footnotes":""},"class_list":["post-2355","page","type-page","status-publish","hentry"],"_links":{"self":[{"href":"https:\/\/www.agrobusiness-medafrica.com\/en\/wp-json\/wp\/v2\/pages\/2355","targetHints":{"allow":["GET"]}}],"collection":[{"href":"https:\/\/www.agrobusiness-medafrica.com\/en\/wp-json\/wp\/v2\/pages"}],"about":[{"href":"https:\/\/www.agrobusiness-medafrica.com\/en\/wp-json\/wp\/v2\/types\/page"}],"author":[{"embeddable":true,"href":"https:\/\/www.agrobusiness-medafrica.com\/en\/wp-json\/wp\/v2\/users\/2"}],"replies":[{"embeddable":true,"href":"https:\/\/www.agrobusiness-medafrica.com\/en\/wp-json\/wp\/v2\/comments?post=2355"}],"version-history":[{"count":22,"href":"https:\/\/www.agrobusiness-medafrica.com\/en\/wp-json\/wp\/v2\/pages\/2355\/revisions"}],"predecessor-version":[{"id":2487,"href":"https:\/\/www.agrobusiness-medafrica.com\/en\/wp-json\/wp\/v2\/pages\/2355\/revisions\/2487"}],"wp:attachment":[{"href":"https:\/\/www.agrobusiness-medafrica.com\/en\/wp-json\/wp\/v2\/media?parent=2355"}],"curies":[{"name":"wp","href":"https:\/\/api.w.org\/{rel}","templated":true}]}}