{"id":1646,"date":"2022-11-18T04:25:00","date_gmt":"2022-11-18T03:25:00","guid":{"rendered":"https:\/\/www.agrobusiness-medafrica.com\/?page_id=1646"},"modified":"2024-09-20T02:08:34","modified_gmt":"2024-09-20T00:08:34","slug":"reservation-stand","status":"publish","type":"page","link":"https:\/\/www.agrobusiness-medafrica.com\/en\/reservation-stand\/","title":{"rendered":"Booth reservation"},"content":{"rendered":"<div data-elementor-type=\"wp-page\" data-elementor-id=\"1646\" class=\"elementor elementor-1646\">\n\t\t\t\t\t\t<div class=\"elementor-inner\">\n\t\t\t\t<div class=\"elementor-section-wrap\">\n\t\t\t\t\t\t\t\t\t<section class=\"elementor-section elementor-top-section elementor-element elementor-element-0be149f elementor-section-boxed elementor-section-height-default elementor-section-height-default shape-bg-top-no shape-bg-bottom-no\" data-id=\"0be149f\" data-element_type=\"section\">\n\t\t\t\t\t\t<div class=\"elementor-container elementor-column-gap-default\">\n\t\t\t\t\t\t\t<div class=\"elementor-row\">\n\t\t\t\t\t<div class=\"elementor-column elementor-col-100 elementor-top-column elementor-element elementor-element-4b9a882\" data-id=\"4b9a882\" data-element_type=\"column\">\n\t\t\t<div class=\"elementor-column-wrap elementor-element-populated\">\n\t\t\t\t\t\t\t<div class=\"elementor-widget-wrap\">\n\t\t\t\t\t\t<div class=\"elementor-element elementor-element-b64d0b5 elementor-widget elementor-widget-image\" data-id=\"b64d0b5\" data-element_type=\"widget\" data-widget_type=\"image.default\">\n\t\t\t\t<div class=\"elementor-widget-container\">\n\t\t\t<style>\/*! elementor - v3.8.0 - 30-10-2022 *\/\n.elementor-widget-image{text-align:center}.elementor-widget-image a{display:inline-block}.elementor-widget-image a img[src$=\".svg\"]{width:48px}.elementor-widget-image img{vertical-align:middle;display:inline-block}<\/style>\t\t\t\t\t<div class=\"elementor-image\">\n\t\t\t\t\t\t\t\t\t\t\t\t<img loading=\"lazy\" decoding=\"async\" width=\"900\" height=\"558\" src=\"https:\/\/www.agrobusiness-medafrica.com\/wp-content\/uploads\/2024\/09\/banner-1024x635.png\" class=\"attachment-large size-large\" alt=\"\" srcset=\"https:\/\/www.agrobusiness-medafrica.com\/wp-content\/uploads\/2024\/09\/banner-1024x635.png 1024w, https:\/\/www.agrobusiness-medafrica.com\/wp-content\/uploads\/2024\/09\/banner-768x477.png 768w, https:\/\/www.agrobusiness-medafrica.com\/wp-content\/uploads\/2024\/09\/banner-18x12.png 18w, https:\/\/www.agrobusiness-medafrica.com\/wp-content\/uploads\/2024\/09\/banner.png 1170w\" sizes=\"auto, (max-width: 900px) 100vw, 900px\" \/>\t\t\t\t\t\t\t\t\t\t\t\t\t\t<\/div>\n\t\t\t\t\t\t<\/div>\n\t\t\t\t<\/div>\n\t\t\t\t<div class=\"elementor-element elementor-element-ce9af48 elementor-widget elementor-widget-gva-heading-block\" data-id=\"ce9af48\" data-element_type=\"widget\" data-widget_type=\"gva-heading-block.default\">\n\t\t\t\t<div class=\"elementor-widget-container\">\n\t\t\t<div class=\"gva-element-gva-heading-block gva-element\">   <div class=\"align-center style-1 widget gsc-heading box-align-left auto-responsive\">\r\n      <div class=\"content-inner\">\r\n         \r\n                  \r\n         <div class=\"sub-title\"><span class=\"tagline\">Participation in the fair <\/span><\/div>  \r\n         \r\n                     <h2 class=\"title\">\r\n               <span>Booth reservation<\/span>\r\n            <\/h2>\r\n                              <div class=\"title-desc\">Veuillez remplir soigneusement le formulaire ci-dessous. Ces informations sont demand\u00e9es pour la cr\u00e9ation du dossier de participation \u00e0 AGROBUSINESS MEDAFRICA EXPO 2024.<\/div>\r\n         \r\n         \r\n      <\/div>\r\n   <\/div>\r\n<\/div>\t\t<\/div>\n\t\t\t\t<\/div>\n\t\t\t\t\t\t<\/div>\n\t\t\t\t\t<\/div>\n\t\t<\/div>\n\t\t\t\t\t\t\t\t<\/div>\n\t\t\t\t\t<\/div>\n\t\t<\/section>\n\t\t\t\t<section class=\"elementor-section elementor-top-section elementor-element elementor-element-7eca4ac elementor-section-boxed elementor-section-height-default elementor-section-height-default shape-bg-top-no shape-bg-bottom-no\" data-id=\"7eca4ac\" data-element_type=\"section\">\n\t\t\t\t\t\t<div class=\"elementor-container elementor-column-gap-default\">\n\t\t\t\t\t\t\t<div class=\"elementor-row\">\n\t\t\t\t\t<div class=\"elementor-column elementor-col-100 elementor-top-column elementor-element elementor-element-b5d0dc0\" data-id=\"b5d0dc0\" data-element_type=\"column\">\n\t\t\t<div class=\"elementor-column-wrap elementor-element-populated\">\n\t\t\t\t\t\t\t<div class=\"elementor-widget-wrap\">\n\t\t\t\t\t\t<div class=\"elementor-element elementor-element-bc26f66 elementor-widget elementor-widget-formidable\" data-id=\"bc26f66\" data-element_type=\"widget\" data-widget_type=\"formidable.default\">\n\t\t\t\t<div class=\"elementor-widget-container\">\n\t\t\t<div class=\"frm_forms  with_frm_style frm_center_submit frm_style_style-formidable\" id=\"frm_form_9_container\" data-token=\"df340241da926f91f6a1b3ae626b3e86\">\n<form enctype=\"multipart\/form-data\" method=\"post\" class=\"frm-show-form  frm_pro_form  frm_ajax_submit\" id=\"form_rservationstand22\"  data-token=\"df340241da926f91f6a1b3ae626b3e86\" action=\"\">\n<div class=\"frm_form_fields\">\n<fieldset>\n<legend class=\"frm_screen_reader\">Booth reservation<\/legend>\r\n\r\n<div class=\"frm_fields_container\">\n<input type=\"hidden\" name=\"frm_action\" value=\"create\" \/>\n<input type=\"hidden\" name=\"form_id\" value=\"9\" \/>\n<input type=\"hidden\" name=\"frm_hide_fields_9\" id=\"frm_hide_fields_9\" value=\"\" \/>\n<input type=\"hidden\" name=\"form_key\" value=\"rservationstand22\" \/>\n<input type=\"hidden\" name=\"item_meta[0]\" value=\"\" \/>\n<input type=\"hidden\" id=\"frm_submit_entry_9\" name=\"frm_submit_entry_9\" value=\"8a9bdb8f12\" \/><input type=\"hidden\" name=\"_wp_http_referer\" value=\"\/en\/wp-json\/wp\/v2\/pages\/1646\" \/><div id=\"frm_field_170_container\" class=\"frm_form_field frm_section_heading form-field\">\r\n<h3 class=\"frm_pos_top frm_section_spacing\">LEGAL REPRESENTATIVE - GENERAL MANAGEMENT<\/h3>\r\n\r\n\r\n<div id=\"frm_field_191_container\" class=\"frm_form_field form-field  frm_required_field frm_top_container frm6 frm_first frm_fourth\">\r\n    <label for=\"field_c91dt\" id=\"field_c91dt_label\" class=\"frm_primary_label\">Titre\r\n        <span class=\"frm_required\" aria-hidden=\"true\">*<\/span>\r\n    <\/label>\r\n    <input type=\"text\" id=\"field_c91dt\" name=\"item_meta[191]\" value=\"\"  data-sectionid=\"170\" data-reqmsg=\"Champ obligatoire\" aria-required=\"true\" data-invmsg=\"texte est non valide\" aria-invalid=\"false\"  \/>\r\n    \r\n    \r\n<\/div>\n<div id=\"frm_field_171_container\" class=\"frm_form_field form-field  frm_required_field frm_top_container frm6 frm_three_fourths\">\r\n    <div  id=\"field_gp0ui2_label\" class=\"frm_primary_label\">Full name\r\n        <span class=\"frm_required\" aria-hidden=\"true\">*<\/span>\r\n    <\/div>\r\n    <fieldset aria-labelledby=\"field_gp0ui2_label\">\n\t<legend class=\"frm_screen_reader frm_hidden\">\n\t\tFull name\t<\/legend>\n\n\t<div  class=\"frm_combo_inputs_container\" id=\"frm_combo_inputs_container_171\" data-name-layout=\"first_last\">\n\t\t\t\t\t<div\n\t\t\t\tid=\"frm_field_171-first_container\"\n\t\t\t\tclass=\"frm_form_field form-field frm_form_subfield-first  frm6\"\n\t\t\t\tdata-sub-field-name=\"first\"\n\t\t\t>\n\t\t\t\t<label for=\"field_gp0ui2_first\" class=\"frm_screen_reader frm_hidden\">\n\t\t\t\t\tFull name\t\t\t\t<\/label>\n\n\t\t\t\t\t\t\t\t\t\t<input\n\t\t\t\t\t\t\ttype=\"text\"\n\t\t\t\t\t\t\tid=\"field_gp0ui2_first\"\n\t\t\t\t\t\t\tvalue=\"\"\n\t\t\t\t\t\t\tname=\"item_meta[171][first]\"  data-sectionid=\"170\" data-reqmsg=\"Champ obligatoire\" aria-required=\"true\" data-invmsg=\"Nom et pr\u00e9nom is invalid\" aria-invalid=\"false\"  \t\t\t\t\t\t\/>\n\t\t\t\t\t\t\t\t\t<\/div>\n\t\t\t\t\t<div\n\t\t\t\tid=\"frm_field_171-last_container\"\n\t\t\t\tclass=\"frm_form_field form-field frm_form_subfield-last  frm6\"\n\t\t\t\tdata-sub-field-name=\"last\"\n\t\t\t>\n\t\t\t\t<label for=\"field_gp0ui2_last\" class=\"frm_screen_reader frm_hidden\">\n\t\t\t\t\tFull name\t\t\t\t<\/label>\n\n\t\t\t\t\t\t\t\t\t\t<input\n\t\t\t\t\t\t\ttype=\"text\"\n\t\t\t\t\t\t\tid=\"field_gp0ui2_last\"\n\t\t\t\t\t\t\tvalue=\"\"\n\t\t\t\t\t\t\tname=\"item_meta[171][last]\"  data-sectionid=\"170\" data-reqmsg=\"Champ obligatoire\" aria-required=\"true\" data-invmsg=\"Nom et pr\u00e9nom is invalid\" aria-invalid=\"false\"  \t\t\t\t\t\t\/>\n\t\t\t\t\t\t\t\t\t<\/div>\n\t\t\t<\/div>\n<\/fieldset>\n\r\n    \r\n    \r\n<\/div>\n<div id=\"frm_field_192_container\" class=\"frm_form_field form-field  frm_required_field frm_top_container\">\r\n    <label for=\"field_jc93e\" id=\"field_jc93e_label\" class=\"frm_primary_label\">Company\r\n        <span class=\"frm_required\" aria-hidden=\"true\">*<\/span>\r\n    <\/label>\r\n    <input type=\"text\" id=\"field_jc93e\" name=\"item_meta[192]\" value=\"\"  data-sectionid=\"170\" data-reqmsg=\"Champ obligatoire\" aria-required=\"true\" data-invmsg=\"texte est non valide\" aria-invalid=\"false\"  \/>\r\n    \r\n    \r\n<\/div>\n<div id=\"frm_field_174_container\" class=\"frm_form_field form-field  frm_required_field frm_top_container frm12 frm12 frm_first\">\r\n    <label for=\"field_lvszo2\" id=\"field_lvszo2_label\" class=\"frm_primary_label\">Phone number\r\n        <span class=\"frm_required\" aria-hidden=\"true\">*<\/span>\r\n    <\/label>\r\n    <input type=\"text\" id=\"field_lvszo2\" name=\"item_meta[174]\" value=\"\"  data-sectionid=\"170\" data-reqmsg=\"Champ obligatoire\" aria-required=\"true\" data-invmsg=\"T\u00e9l\u00e9phone est non valide\" aria-invalid=\"false\"  \/>\r\n    \r\n    \r\n<\/div>\n<div id=\"frm_field_173_container\" class=\"frm_form_field form-field  frm_required_field frm_top_container frm12 frm_first\">\r\n    <label for=\"field_nmvdx2\" id=\"field_nmvdx2_label\" class=\"frm_primary_label\">Email\r\n        <span class=\"frm_required\" aria-hidden=\"true\">*<\/span>\r\n    <\/label>\r\n    <input type=\"email\" id=\"field_nmvdx2\" name=\"item_meta[173]\" value=\"\"  data-sectionid=\"170\" data-reqmsg=\"Champ obligatoire\" aria-required=\"true\" data-invmsg=\"Email est non valide\" aria-invalid=\"false\"  \/>\r\n    \r\n    \r\n<\/div>\n<\/div>\n<div id=\"frm_field_189_container\" class=\"frm_form_field form-field  frm_required_field frm_top_container vertical_radio\">\r\n    <div  id=\"field_9m6pf2_label\" class=\"frm_primary_label\">ENGAGEMENT\r\n        <span class=\"frm_required\" aria-hidden=\"true\">*<\/span>\r\n    <\/div>\r\n    <div class=\"frm_opt_container\" aria-labelledby=\"field_9m6pf2_label\" role=\"group\">\t\t<div class=\"frm_checkbox\" id=\"frm_checkbox_189-0\"><label for=\"field_9m6pf2-0\"><input type=\"checkbox\" name=\"item_meta[189][]\" id=\"field_9m6pf2-0\" value=\"Je demande mon admission comme exposant au Salon Agrobusiness Medafrica. Je d\u00e9clare avoir pris connaissance des \u00ab Conditions G\u00e9n\u00e9rales de Location de Surfaces d\u2019Exposition et d\u2019Am\u00e9nagement de Stand \u00bb et des \u00ab Conditions G\u00e9n\u00e9rales de Vente des Outils de Communication \u00bb dont je poss\u00e8de un exemplaire, en accepter sans r\u00e9serve ni restriction toutes les clauses et je d\u00e9clare renoncer \u00e0 tout recours contre l\u2019organisateur.\"  data-reqmsg=\"Ce champ ne peut pas \u00eatre vide\" aria-required=\"true\" data-invmsg=\"ENGAGEMENT is invalid\" aria-invalid=\"false\"   \/> I request my admission as an exhibitor at the Agrobusiness Medafrica Fair. I declare that I have read the \"General Conditions for the Rental of Exhibition Surfaces and Stand Layout\" and the \"General Conditions for the Sale of Communication Tools\" of which I have a copy, accept without reservation or restriction all the clauses and I declare that I waive all recourse against the organizer.<\/label><\/div>\n<\/div>\r\n    \r\n    \r\n<\/div>\n\t<input type=\"hidden\" name=\"item_key\" value=\"\" \/>\n\t\t\t\t<div class=\"frm_verify\" aria-hidden=\"true\">\n\t\t\t\t<label for=\"frm_email_9\">\n\t\t\t\t\tIf you are human, leave this field blank.\t\t\t\t<\/label>\n\t\t\t\t<input type=\"text\" class=\"frm_verify\" id=\"frm_email_9\" name=\"frm_verify\" value=\"\"  \/>\n\t\t\t<\/div>\n\t\t<input name=\"frm_state\" type=\"hidden\" value=\"vD+p6zpyNsYJXB63lg6lJCbZFhezSYPXU9YTeKADJBo=\" \/><div class=\"frm_submit\">\r\n\r\n<button class=\"frm_button_submit frm_final_submit\" type=\"submit\"   formnovalidate=\"formnovalidate\">Send<\/button>\r\n\r\n\r\n<\/div><\/div>\n<\/fieldset>\n<\/div>\n<input type=\"hidden\" name=\"trp-form-language\" value=\"en\"\/><\/form>\n<\/div>\n\t\t<\/div>\n\t\t\t\t<\/div>\n\t\t\t\t\t\t<\/div>\n\t\t\t\t\t<\/div>\n\t\t<\/div>\n\t\t\t\t\t\t\t\t<\/div>\n\t\t\t\t\t<\/div>\n\t\t<\/section>\n\t\t\t\t\t\t\t\t\t<\/div>\n\t\t\t<\/div>\n\t\t\t\t\t<\/div>","protected":false},"excerpt":{"rendered":"<p>Participation au salon R\u00e9servation Stand Veuillez remplir soigneusement le formulaire ci-dessous. Ces informations sont demand\u00e9es pour la cr\u00e9ation du dossier de participation \u00e0 AGROBUSINESS MEDAFRICA EXPO 2024. R\u00e9servation Stand REPRESENTANT LEGAL-DIRECTION GENERALE Titre * Nom et pr\u00e9nom * Nom et pr\u00e9nom Nom et pr\u00e9nom Nom et pr\u00e9nom Soci\u00e9t\u00e9 * N\u00b0 de T\u00e9l\u00e9phone * Email * [&hellip;]<\/p>","protected":false},"author":2,"featured_media":0,"parent":0,"menu_order":0,"comment_status":"closed","ping_status":"closed","template":"","meta":{"footnotes":""},"class_list":["post-1646","page","type-page","status-publish","hentry"],"_links":{"self":[{"href":"https:\/\/www.agrobusiness-medafrica.com\/en\/wp-json\/wp\/v2\/pages\/1646","targetHints":{"allow":["GET"]}}],"collection":[{"href":"https:\/\/www.agrobusiness-medafrica.com\/en\/wp-json\/wp\/v2\/pages"}],"about":[{"href":"https:\/\/www.agrobusiness-medafrica.com\/en\/wp-json\/wp\/v2\/types\/page"}],"author":[{"embeddable":true,"href":"https:\/\/www.agrobusiness-medafrica.com\/en\/wp-json\/wp\/v2\/users\/2"}],"replies":[{"embeddable":true,"href":"https:\/\/www.agrobusiness-medafrica.com\/en\/wp-json\/wp\/v2\/comments?post=1646"}],"version-history":[{"count":13,"href":"https:\/\/www.agrobusiness-medafrica.com\/en\/wp-json\/wp\/v2\/pages\/1646\/revisions"}],"predecessor-version":[{"id":2539,"href":"https:\/\/www.agrobusiness-medafrica.com\/en\/wp-json\/wp\/v2\/pages\/1646\/revisions\/2539"}],"wp:attachment":[{"href":"https:\/\/www.agrobusiness-medafrica.com\/en\/wp-json\/wp\/v2\/media?parent=1646"}],"curies":[{"name":"wp","href":"https:\/\/api.w.org\/{rel}","templated":true}]}}